{"id":10,"date":"2019-08-15T16:40:52","date_gmt":"2019-08-15T13:40:52","guid":{"rendered":"http:\/\/kizunanokaidojo.com\/?page_id=10"},"modified":"2025-12-16T22:31:46","modified_gmt":"2025-12-16T20:31:46","slug":"yhdistys","status":"publish","type":"page","link":"https:\/\/kizunanokaidojo.com\/en\/yhdistys\/","title":{"rendered":"Association"},"content":{"rendered":"<p>Kizunanokai Association is based in Raasepori Finland. Kizunanokai Association is member of Finland Aikikai and promotes and supports the practice of Aikido and other Budo skills. The founding members of the Kizunanokai Association are long-established Aikidokas with active contacts to both domestic and foreign Aikido communities all the way to Japan.<\/p>\n\n\n\n<div style=\"height:5rem\" aria-hidden=\"true\" class=\"wp-block-spacer\"><\/div>\n\n\n\n<hr class=\"wp-block-separator has-css-opacity is-style-wide\"\/>\n\n\n\n<h2 class=\"wp-block-heading\">BOARD 2024<\/h2>\n\n\n\n<ul class=\"wp-block-list\">\n<li>Anu V\u00e4lim\u00e4ki, chairman<\/li>\n\n\n\n<li>Joon Tervakari<\/li>\n\n\n\n<li>Toni Koivulahti<\/li>\n\n\n\n<li>Max Ervast<\/li>\n\n\n\n<li>Geir Aurdal<\/li>\n<\/ul>\n\n\n\n<p>Board's email: hallitus@kizunanokaidojo.com<\/p>\n\n\n\n<p><a href=\"https:\/\/drive.google.com\/file\/d\/1Hptne4c3qeVUIviEZHycfh8VQXmrNosr\/view?usp=sharing\">Association rules (fi).<\/a><\/p>\n\n\n<div class=\"wp-block-image\">\n<figure class=\"aligncenter\"><img loading=\"lazy\" decoding=\"async\" width=\"340\" height=\"110\" src=\"http:\/\/kizunanokaidojo.com\/wp-content\/uploads\/2019\/09\/ALseuralogomini-transparent-bg.png\" alt=\"\" class=\"wp-image-258\" srcset=\"https:\/\/kizunanokaidojo.com\/wp-content\/uploads\/2019\/09\/ALseuralogomini-transparent-bg.png 340w, https:\/\/kizunanokaidojo.com\/wp-content\/uploads\/2019\/09\/ALseuralogomini-transparent-bg-300x97.png 300w\" sizes=\"auto, (max-width: 340px) 100vw, 340px\" \/><\/figure>\n<\/div>\n\n\n<p><\/p>","protected":false},"excerpt":{"rendered":"<p>Kizunanokai ry on raaseporilainen Suomen Aikidoliiton j\u00e4senseura, jonka tarkoituksena on mm. edist\u00e4\u00e4 ja tukea aikidon ja muiden budotaitojen harjoittelua ja harrastamista. Kizunanokai ry:n perustajaj\u00e4senet ovat&#8230;<\/p>\n<div class=\"more-link-wrapper\"><a class=\"more-link\" href=\"https:\/\/kizunanokaidojo.com\/en\/yhdistys\/\">Continue Reading<span class=\"screen-reader-text\">Association<\/span><\/a><\/div>","protected":false},"author":1,"featured_media":0,"parent":0,"menu_order":0,"comment_status":"closed","ping_status":"closed","template":"","meta":{"footnotes":""},"class_list":["post-10","page","type-page","status-publish","hentry","entry"],"_links":{"self":[{"href":"https:\/\/kizunanokaidojo.com\/en\/wp-json\/wp\/v2\/pages\/10","targetHints":{"allow":["GET"]}}],"collection":[{"href":"https:\/\/kizunanokaidojo.com\/en\/wp-json\/wp\/v2\/pages"}],"about":[{"href":"https:\/\/kizunanokaidojo.com\/en\/wp-json\/wp\/v2\/types\/page"}],"author":[{"embeddable":true,"href":"https:\/\/kizunanokaidojo.com\/en\/wp-json\/wp\/v2\/users\/1"}],"replies":[{"embeddable":true,"href":"https:\/\/kizunanokaidojo.com\/en\/wp-json\/wp\/v2\/comments?post=10"}],"version-history":[{"count":28,"href":"https:\/\/kizunanokaidojo.com\/en\/wp-json\/wp\/v2\/pages\/10\/revisions"}],"predecessor-version":[{"id":1086,"href":"https:\/\/kizunanokaidojo.com\/en\/wp-json\/wp\/v2\/pages\/10\/revisions\/1086"}],"wp:attachment":[{"href":"https:\/\/kizunanokaidojo.com\/en\/wp-json\/wp\/v2\/media?parent=10"}],"curies":[{"name":"wp","href":"https:\/\/api.w.org\/{rel}","templated":true}]}}